{"id":49913,"date":"2026-02-14T04:31:31","date_gmt":"2026-02-14T01:31:31","guid":{"rendered":"https:\/\/atasporkulubu.org\/?page_id=49913"},"modified":"2026-02-14T04:39:40","modified_gmt":"2026-02-14T01:39:40","slug":"kayit-sayfasi","status":"publish","type":"page","link":"https:\/\/atasporkulubu.org\/en\/kayit-sayfasi\/","title":{"rendered":"Kay\u0131t Sayfas\u0131"},"content":{"rendered":"\t\t<div data-elementor-type=\"wp-page\" data-elementor-id=\"49913\" class=\"elementor elementor-49913\" data-elementor-post-type=\"page\">\n\t\t\t\t\t\t<section class=\"elementor-section elementor-top-section elementor-element elementor-element-1be9d3a elementor-section-full_width elementor-section-height-default elementor-section-height-default sc_fly_static\" data-id=\"1be9d3a\" data-element_type=\"section\" data-e-type=\"section\">\n\t\t\t\t\t\t<div class=\"elementor-container elementor-column-gap-extended\">\n\t\t\t\t\t<div class=\"elementor-column elementor-col-100 elementor-top-column elementor-element elementor-element-f779a29 sc_content_align_inherit sc_layouts_column_icons_position_left sc_fly_static\" data-id=\"f779a29\" data-element_type=\"column\" data-e-type=\"column\">\n\t\t\t<div class=\"elementor-widget-wrap elementor-element-populated\">\n\t\t\t\t\t\t<div class=\"elementor-element elementor-element-e600e79 sc_fly_static elementor-widget elementor-widget-shortcode\" data-id=\"e600e79\" data-element_type=\"widget\" data-e-type=\"widget\" data-widget_type=\"shortcode.default\">\n\t\t\t\t<div class=\"elementor-widget-container\">\n\t\t\t\t\t\t\t<div class=\"elementor-shortcode\">\n<div class=\"wpcf7 no-js\" id=\"wpcf7-f49912-o1\" lang=\"tr-TR\" dir=\"ltr\" data-wpcf7-id=\"49912\">\n<div class=\"screen-reader-response\"><p role=\"status\" aria-live=\"polite\" aria-atomic=\"true\"><\/p> <ul><\/ul><\/div>\n<form action=\"\/en\/wp-json\/wp\/v2\/pages\/49913#wpcf7-f49912-o1\" method=\"post\" class=\"wpcf7-form init\" aria-label=\"\u0130leti\u015fim Formu\" novalidate=\"novalidate\" data-status=\"init\">\n<fieldset class=\"hidden-fields-container\"><input type=\"hidden\" name=\"_wpcf7\" value=\"49912\" \/><input type=\"hidden\" name=\"_wpcf7_version\" value=\"6.1.4\" \/><input type=\"hidden\" name=\"_wpcf7_locale\" value=\"tr_TR\" \/><input type=\"hidden\" name=\"_wpcf7_unit_tag\" value=\"wpcf7-f49912-o1\" \/><input type=\"hidden\" name=\"_wpcf7_container_post\" value=\"0\" \/><input type=\"hidden\" name=\"_wpcf7_posted_data_hash\" value=\"\" \/>\n<\/fieldset>\n<style>\n\/* --- ATA SPOR KUL\u00dcB\u00dc KAYIT FORMU \u0130\u00c7 CSS --- *\/\n.ata-form-wrapper {\n background: #ffffff;\n padding: 30px;\n border-radius: 16px;\n box-shadow: 0 10px 40px rgba(0, 0, 0, 0.05);\n border: 1px solid #EAEAEA;\n margin: 0 auto;\n}\n\n.ata-form-title {\n color: #111111;\n font-size: 18px;\n font-weight: 800;\n text-transform: uppercase;\n letter-spacing: 0.5px;\n margin-top: 30px;\n margin-bottom: 20px;\n padding-bottom: 10px;\n border-bottom: 3px solid #D8B761;\n display: inline-block;\n}\n\n.ata-form-title:first-child {\n margin-top: 0;\n}\n\n.ata-form-row {\n display: flex;\n flex-wrap: wrap;\n gap: 25px;\n margin-bottom: 20px;\n}\n\n.ata-form-col {\n flex: 1;\n min-width: 250px;\n display: flex;\n flex-direction: column;\n}\n\n.ata-form-col.full-width {\n flex: 100%;\n}\n\n.ata-form-col label {\n font-size: 13px;\n font-weight: 700;\n color: #4A4A4A;\n margin-bottom: 8px;\n}\n\n.ata-form-col input[type=\"text\"],\n.ata-form-col input[type=\"email\"],\n.ata-form-col input[type=\"tel\"],\n.ata-form-col input[type=\"date\"],\n.ata-form-col textarea {\n width: 100%;\n padding: 14px 18px;\n font-size: 14px;\n color: #333;\n background-color: #F9F9F9;\n border: 1px solid #EAEAEA;\n border-radius: 10px;\n transition: all 0.3s ease;\n box-sizing: border-box;\n}\n\n.ata-form-col input:focus,\n.ata-form-col textarea:focus {\n outline: none;\n background-color: #ffffff;\n border-color: #3C8340;\n box-shadow: 0 0 0 4px rgba(60, 131, 64, 0.1);\n}\n\n.ata-form-divider {\n border: none;\n border-top: 1px dashed #cccccc;\n margin: 35px 0;\n}\n\n.ata-acceptance-wrap {\n display: flex;\n align-items: flex-start;\n margin-bottom: 15px;\n font-size: 13px;\n color: #4A4A4A;\n line-height: 1.6;\n background: #F4F5F7;\n padding: 15px 20px;\n border-radius: 10px;\n border-left: 4px solid #D8B761;\n transition: all 0.3s ease;\n}\n\n.ata-acceptance-wrap:hover {\n background: #ffffff;\n box-shadow: 0 5px 15px rgba(0,0,0,0.05);\n}\n\n.ata-acceptance-wrap input[type=\"checkbox\"] {\n margin-top: 3px;\n margin-right: 15px;\n transform: scale(1.3);\n accent-color: #3C8340;\n cursor: pointer;\n}\n\n.ata-acceptance-wrap a {\n color: #B92E25;\n font-weight: 700;\n text-decoration: none;\n}\n\n.ata-acceptance-wrap a:hover {\n text-decoration: underline;\n}\n\n.wpcf7-list-item {\n margin-left: 0;\n margin-right: 25px;\n}\n\n.ata-submit-wrap {\n text-align: center;\n margin-top: 40px;\n}\n\n.ata-btn-submit {\n background-color: #3C8340;\n color: #ffffff !important;\n font-size: 16px;\n font-weight: 700;\n text-transform: uppercase;\n letter-spacing: 1px;\n padding: 16px 45px;\n border: none;\n border-radius: 40px;\n cursor: pointer;\n transition: all 0.3s ease;\n box-shadow: 0 8px 25px rgba(60, 131, 64, 0.3);\n}\n\n.ata-btn-submit:hover {\n background-color: #B92E25;\n box-shadow: 0 10px 30px rgba(185, 46, 37, 0.4);\n transform: translateY(-3px);\n}\n\ndiv.wpcf7-response-output {\n border-radius: 10px !important;\n font-size: 14px;\n font-weight: 600;\n margin-top: 25px !important;\n padding: 15px 20px !important;\n}\n\ndiv.wpcf7-validation-errors {\n border-color: #B92E25 !important;\n color: #B92E25 !important;\n background: rgba(185, 46, 37, 0.05) !important;\n}\n\ndiv.wpcf7-mail-sent-ok {\n border-color: #3C8340 !important;\n color: #3C8340 !important;\n background: rgba(60, 131, 64, 0.05) !important;\n}\n<\/style>\n<div class=\"ata-form-wrapper\">\n\t<h3 class=\"ata-form-title\">1. SPORCU B\u0130LG\u0130LER\u0130\n\t<\/h3>\n\t<div class=\"ata-form-row\">\n\t\t<div class=\"ata-form-col\">\n\t\t\t<p><label>Sporcu Ad\u0131 Soyad\u0131 *<\/label><br \/>\n<span class=\"wpcf7-form-control-wrap\" data-name=\"sporcu-ad-soyad\"><input size=\"40\" maxlength=\"400\" class=\"wpcf7-form-control wpcf7-text wpcf7-validates-as-required\" aria-required=\"true\" aria-invalid=\"false\" placeholder=\"\u00d6rn: Ahmet Y\u0131lmaz\" value=\"\" type=\"text\" name=\"sporcu-ad-soyad\" \/><\/span>\n\t\t\t<\/p>\n\t\t<\/div>\n\t\t<div class=\"ata-form-col\">\n\t\t\t<p><label>T.C. Kimlik No *<\/label><br \/>\n<span class=\"wpcf7-form-control-wrap\" data-name=\"sporcu-tc\"><input size=\"40\" maxlength=\"11\" minlength=\"11\" class=\"wpcf7-form-control wpcf7-text wpcf7-validates-as-required\" aria-required=\"true\" aria-invalid=\"false\" placeholder=\"11 Haneli TC Kimlik Numaras\u0131\" value=\"\" type=\"text\" name=\"sporcu-tc\" \/><\/span>\n\t\t\t<\/p>\n\t\t<\/div>\n\t<\/div>\n\t<div class=\"ata-form-row\">\n\t\t<div class=\"ata-form-col\">\n\t\t\t<p><label>Do\u011fum Tarihi *<\/label><br \/>\n<span class=\"wpcf7-form-control-wrap\" data-name=\"sporcu-dogum-tarihi\"><input class=\"wpcf7-form-control wpcf7-date wpcf7-validates-as-required wpcf7-validates-as-date\" aria-required=\"true\" aria-invalid=\"false\" value=\"\" type=\"date\" name=\"sporcu-dogum-tarihi\" \/><\/span>\n\t\t\t<\/p>\n\t\t<\/div>\n\t\t<div class=\"ata-form-col\">\n\t\t\t<p><label>Okulu \/ S\u0131n\u0131f\u0131 *<\/label><br \/>\n<span class=\"wpcf7-form-control-wrap\" data-name=\"sporcu-okul-sinif\"><input size=\"40\" maxlength=\"400\" class=\"wpcf7-form-control wpcf7-text wpcf7-validates-as-required\" aria-required=\"true\" aria-invalid=\"false\" placeholder=\"\u00d6rn: Atat\u00fcrk Ortaokulu \/ 7-B\" value=\"\" type=\"text\" name=\"sporcu-okul-sinif\" \/><\/span>\n\t\t\t<\/p>\n\t\t<\/div>\n\t<\/div>\n\t<div class=\"ata-form-row\">\n\t\t<div class=\"ata-form-col\">\n\t\t\t<p><label>Boy \/ Kilo *<\/label><br \/>\n<span class=\"wpcf7-form-control-wrap\" data-name=\"sporcu-boy-kilo\"><input size=\"40\" maxlength=\"400\" class=\"wpcf7-form-control wpcf7-text wpcf7-validates-as-required\" aria-required=\"true\" aria-invalid=\"false\" placeholder=\"\u00d6rn: 165 cm \/ 55 kg\" value=\"\" type=\"text\" name=\"sporcu-boy-kilo\" \/><\/span>\n\t\t\t<\/p>\n\t\t<\/div>\n\t\t<div class=\"ata-form-col\">\n\t\t\t<p><label>Daha \u00d6nce Spor Yapt\u0131 M\u0131? (Bran\u015f\/S\u00fcre)<\/label><br \/>\n<span class=\"wpcf7-form-control-wrap\" data-name=\"sporcu-gecmis\"><input size=\"40\" maxlength=\"400\" class=\"wpcf7-form-control wpcf7-text\" aria-invalid=\"false\" placeholder=\"\u00d6rn: Voleybol, 2 Y\u0131l\" value=\"\" type=\"text\" name=\"sporcu-gecmis\" \/><\/span>\n\t\t\t<\/p>\n\t\t<\/div>\n\t<\/div>\n\t<div class=\"ata-form-row\">\n\t\t<div class=\"ata-form-col full-width\">\n\t\t\t<p><label>Herhangi bir sa\u011fl\u0131k problemi var m\u0131? (Varsa belirtiniz)<\/label><br \/>\n<span class=\"wpcf7-form-control-wrap\" data-name=\"sporcu-saglik\"><input size=\"40\" maxlength=\"400\" class=\"wpcf7-form-control wpcf7-text\" aria-invalid=\"false\" placeholder=\"Yok \/ Varsa detay yaz\u0131n\u0131z\" value=\"\" type=\"text\" name=\"sporcu-saglik\" \/><\/span>\n\t\t\t<\/p>\n\t\t<\/div>\n\t<\/div>\n\t<div class=\"ata-form-row\">\n\t\t<div class=\"ata-form-col\">\n\t\t\t<p><label>Kursiyerin lisans\u0131 var m\u0131?<\/label><br \/>\n<span class=\"wpcf7-form-control-wrap\" data-name=\"sporcu-lisans-varmi\"><span class=\"wpcf7-form-control wpcf7-radio\"><span class=\"wpcf7-list-item first\"><input type=\"radio\" name=\"sporcu-lisans-varmi\" value=\"Evet\" \/><span class=\"wpcf7-list-item-label\">Evet<\/span><\/span><span class=\"wpcf7-list-item last\"><input type=\"radio\" name=\"sporcu-lisans-varmi\" value=\"Hay\u0131r\" checked=\"checked\" \/><span class=\"wpcf7-list-item-label\">Hay\u0131r<\/span><\/span><\/span><\/span>\n\t\t\t<\/p>\n\t\t<\/div>\n\t\t<div class=\"ata-form-col\">\n\t\t\t<p><label>Varsa Kul\u00fcp Ad\u0131 ve Lisans No<\/label><br \/>\n<span class=\"wpcf7-form-control-wrap\" data-name=\"sporcu-kulup-lisansno\"><input size=\"40\" maxlength=\"400\" class=\"wpcf7-form-control wpcf7-text\" aria-invalid=\"false\" placeholder=\"\u00d6rn: DS\u0130 Bentspor \/ 12345\" value=\"\" type=\"text\" name=\"sporcu-kulup-lisansno\" \/><\/span>\n\t\t\t<\/p>\n\t\t<\/div>\n\t<\/div>\n<hr class=\"ata-form-divider\" \/>\n\t<h3 class=\"ata-form-title\">2. VEL\u0130 B\u0130LG\u0130LER\u0130\n\t<\/h3>\n\t<div class=\"ata-form-row\">\n\t\t<div class=\"ata-form-col\">\n\t\t\t<p><label>Veli Ad\u0131 Soyad\u0131 *<\/label><br \/>\n<span class=\"wpcf7-form-control-wrap\" data-name=\"veli-ad-soyad\"><input size=\"40\" maxlength=\"400\" class=\"wpcf7-form-control wpcf7-text wpcf7-validates-as-required\" aria-required=\"true\" aria-invalid=\"false\" value=\"\" type=\"text\" name=\"veli-ad-soyad\" \/><\/span>\n\t\t\t<\/p>\n\t\t<\/div>\n\t\t<div class=\"ata-form-col\">\n\t\t\t<p><label>Yak\u0131nl\u0131k Derecesi *<\/label><br \/>\n<span class=\"wpcf7-form-control-wrap\" data-name=\"veli-yakinlik\"><input size=\"40\" maxlength=\"400\" class=\"wpcf7-form-control wpcf7-text wpcf7-validates-as-required\" aria-required=\"true\" aria-invalid=\"false\" placeholder=\"\u00d6rn: Anne \/ Baba\" value=\"\" type=\"text\" name=\"veli-yakinlik\" \/><\/span>\n\t\t\t<\/p>\n\t\t<\/div>\n\t<\/div>\n\t<div class=\"ata-form-row\">\n\t\t<div class=\"ata-form-col\">\n\t\t\t<p><label>T.C. Kimlik No *<\/label><br \/>\n<span class=\"wpcf7-form-control-wrap\" data-name=\"veli-tc\"><input size=\"40\" maxlength=\"11\" minlength=\"11\" class=\"wpcf7-form-control wpcf7-text wpcf7-validates-as-required\" aria-required=\"true\" aria-invalid=\"false\" value=\"\" type=\"text\" name=\"veli-tc\" \/><\/span>\n\t\t\t<\/p>\n\t\t<\/div>\n\t\t<div class=\"ata-form-col\">\n\t\t\t<p><label>Telefon Numaras\u0131 *<\/label><br \/>\n<span class=\"wpcf7-form-control-wrap\" data-name=\"veli-telefon\"><input size=\"40\" maxlength=\"400\" class=\"wpcf7-form-control wpcf7-tel wpcf7-validates-as-required wpcf7-text wpcf7-validates-as-tel\" aria-required=\"true\" aria-invalid=\"false\" placeholder=\"\u00d6rn: 05XX XXX XX XX\" value=\"\" type=\"tel\" name=\"veli-telefon\" \/><\/span>\n\t\t\t<\/p>\n\t\t<\/div>\n\t<\/div>\n\t<div class=\"ata-form-row\">\n\t\t<div class=\"ata-form-col full-width\">\n\t\t\t<p><label>E-posta Adresi *<\/label><br \/>\n<span class=\"wpcf7-form-control-wrap\" data-name=\"veli-eposta\"><input size=\"40\" maxlength=\"400\" class=\"wpcf7-form-control wpcf7-email wpcf7-validates-as-required wpcf7-text wpcf7-validates-as-email\" aria-required=\"true\" aria-invalid=\"false\" placeholder=\"\u00d6rn: mail@adres.com\" value=\"\" type=\"email\" name=\"veli-eposta\" \/><\/span>\n\t\t\t<\/p>\n\t\t<\/div>\n\t<\/div>\n\t<div class=\"ata-form-row\">\n\t\t<div class=\"ata-form-col full-width\">\n\t\t\t<p><label>Adres Bilgisi *<\/label><br \/>\n<span class=\"wpcf7-form-control-wrap\" data-name=\"veli-adres\"><textarea cols=\"40\" rows=\"3\" maxlength=\"2000\" class=\"wpcf7-form-control wpcf7-textarea wpcf7-validates-as-required\" aria-required=\"true\" aria-invalid=\"false\" placeholder=\"Mahalle, Sokak, No, \u0130l\u00e7e\/\u0130l\" name=\"veli-adres\"><\/textarea><\/span>\n\t\t\t<\/p>\n\t\t<\/div>\n\t<\/div>\n<hr class=\"ata-form-divider\" \/>\n\t<h3 class=\"ata-form-title\">3. AC\u0130L DURUM \u0130LET\u0130\u015e\u0130M B\u0130LG\u0130LER\u0130\n\t<\/h3>\n\t<div class=\"ata-form-row\">\n\t\t<div class=\"ata-form-col\">\n\t\t\t<p><label>Acil Durum Ki\u015fisi Ad\u0131 Soyad\u0131 *<\/label><br \/>\n<span class=\"wpcf7-form-control-wrap\" data-name=\"acil-ad-soyad\"><input size=\"40\" maxlength=\"400\" class=\"wpcf7-form-control wpcf7-text wpcf7-validates-as-required\" aria-required=\"true\" aria-invalid=\"false\" value=\"\" type=\"text\" name=\"acil-ad-soyad\" \/><\/span>\n\t\t\t<\/p>\n\t\t<\/div>\n\t\t<div class=\"ata-form-col\">\n\t\t\t<p><label>Telefon Numaras\u0131 *<\/label><br \/>\n<span class=\"wpcf7-form-control-wrap\" data-name=\"acil-telefon\"><input size=\"40\" maxlength=\"400\" class=\"wpcf7-form-control wpcf7-tel wpcf7-validates-as-required wpcf7-text wpcf7-validates-as-tel\" aria-required=\"true\" aria-invalid=\"false\" value=\"\" type=\"tel\" name=\"acil-telefon\" \/><\/span>\n\t\t\t<\/p>\n\t\t<\/div>\n\t<\/div>\n\t<div class=\"ata-form-row\">\n\t\t<div class=\"ata-form-col\">\n\t\t\t<p><label>Yak\u0131nl\u0131k Derecesi *<\/label><br \/>\n<span class=\"wpcf7-form-control-wrap\" data-name=\"acil-yakinlik\"><input size=\"40\" maxlength=\"400\" class=\"wpcf7-form-control wpcf7-text wpcf7-validates-as-required\" aria-required=\"true\" aria-invalid=\"false\" value=\"\" type=\"text\" name=\"acil-yakinlik\" \/><\/span>\n\t\t\t<\/p>\n\t\t<\/div>\n\t<\/div>\n<hr class=\"ata-form-divider\" \/>\n\t<h3 class=\"ata-form-title\">4. BEYAN VE ONAY KISMI\n\t<\/h3>\n\t<div class=\"ata-acceptance-wrap\">\n\t\t<p><span class=\"wpcf7-form-control-wrap\" data-name=\"onay-saglik\"><span class=\"wpcf7-form-control wpcf7-acceptance\"><span class=\"wpcf7-list-item\"><label><input type=\"checkbox\" name=\"onay-saglik\" value=\"1\" aria-invalid=\"false\" \/><span class=\"wpcf7-list-item-label\">\u00c7ocu\u011fumun spor yapmas\u0131na engel sa\u011fl\u0131k problemi olmad\u0131\u011f\u0131n\u0131 beyan ederim.<\/span><\/label><\/span><\/span><\/span>\n\t\t<\/p>\n\t<\/div>\n\t<div class=\"ata-acceptance-wrap\">\n\t\t<p><span class=\"wpcf7-form-control-wrap\" data-name=\"onay-disiplin\"><span class=\"wpcf7-form-control wpcf7-acceptance\"><span class=\"wpcf7-list-item\"><label><input type=\"checkbox\" name=\"onay-disiplin\" value=\"1\" aria-invalid=\"false\" \/><span class=\"wpcf7-list-item-label\">Akademi disiplin kurallar\u0131na uyaca\u011f\u0131m\u0131z\u0131 kabul ederim.<\/span><\/label><\/span><\/span><\/span>\n\t\t<\/p>\n\t<\/div>\n\t<div class=\"ata-acceptance-wrap\">\n\t\t<p><span class=\"wpcf7-form-control-wrap\" data-name=\"onay-medya\"><span class=\"wpcf7-form-control wpcf7-acceptance\"><span class=\"wpcf7-list-item\"><label><input type=\"checkbox\" name=\"onay-medya\" value=\"1\" aria-invalid=\"false\" \/><span class=\"wpcf7-list-item-label\">Antrenman ve etkinliklerde \u00e7ekilen foto\u011fraf\/video kay\u0131tlar\u0131n\u0131n kurumsal tan\u0131t\u0131m ama\u00e7l\u0131 kullan\u0131lmas\u0131na izin veriyorum.<\/span><\/label><\/span><\/span><\/span>\n\t\t<\/p>\n\t<\/div>\n\t<div class=\"ata-acceptance-wrap\">\n\t\t<p><span class=\"wpcf7-form-control-wrap\" data-name=\"onay-kvkk\"><span class=\"wpcf7-form-control wpcf7-acceptance\"><span class=\"wpcf7-list-item\"><label><input type=\"checkbox\" name=\"onay-kvkk\" value=\"1\" aria-invalid=\"false\" \/><span class=\"wpcf7-list-item-label\"><a href=\"https:\/\/atasporkulubu.org\/kvkk-ve-aydinlatma-formu\/\" target=\"_blank\">KVKK Ayd\u0131nlatma Metni<\/a>'ni okudu\u011fumu ve anlad\u0131\u011f\u0131m\u0131 beyan eder; \u00e7ocu\u011fuma ve taraf\u0131ma ait ki\u015fisel verilerin belirtilen ama\u00e7lar do\u011frultusunda i\u015flenmesine a\u00e7\u0131k r\u0131za g\u00f6sterdi\u011fimi kabul ederim.<\/span><\/label><\/span><\/span><\/span>\n\t\t<\/p>\n\t<\/div>\n\t<div class=\"ata-submit-wrap\">\n\t\t<p><input class=\"wpcf7-form-control wpcf7-submit has-spinner ata-btn-submit\" type=\"submit\" value=\"\u00d6n Kay\u0131t Ba\u015fvurusunu G\u00f6nder\" \/>\n\t\t<\/p>\n\t<\/div>\n<\/div><div class=\"wpcf7-response-output\" aria-hidden=\"true\"><\/div>\n<\/form>\n<\/div>\n<\/div>\n\t\t\t\t\t\t<\/div>\n\t\t\t\t<\/div>\n\t\t\t\t\t<\/div>\n\t\t<\/div>\n\t\t\t\t\t<\/div>\n\t\t<\/section>\n\t\t\t\t<\/div>\n\t\t","protected":false},"excerpt":{"rendered":"","protected":false},"author":1,"featured_media":0,"parent":0,"menu_order":0,"comment_status":"closed","ping_status":"closed","template":"","meta":{"footnotes":""},"class_list":["post-49913","page","type-page","status-publish","hentry"],"_links":{"self":[{"href":"https:\/\/atasporkulubu.org\/en\/wp-json\/wp\/v2\/pages\/49913","targetHints":{"allow":["GET"]}}],"collection":[{"href":"https:\/\/atasporkulubu.org\/en\/wp-json\/wp\/v2\/pages"}],"about":[{"href":"https:\/\/atasporkulubu.org\/en\/wp-json\/wp\/v2\/types\/page"}],"author":[{"embeddable":true,"href":"https:\/\/atasporkulubu.org\/en\/wp-json\/wp\/v2\/users\/1"}],"replies":[{"embeddable":true,"href":"https:\/\/atasporkulubu.org\/en\/wp-json\/wp\/v2\/comments?post=49913"}],"version-history":[{"count":7,"href":"https:\/\/atasporkulubu.org\/en\/wp-json\/wp\/v2\/pages\/49913\/revisions"}],"predecessor-version":[{"id":49928,"href":"https:\/\/atasporkulubu.org\/en\/wp-json\/wp\/v2\/pages\/49913\/revisions\/49928"}],"wp:attachment":[{"href":"https:\/\/atasporkulubu.org\/en\/wp-json\/wp\/v2\/media?parent=49913"}],"curies":[{"name":"wp","href":"https:\/\/api.w.org\/{rel}","templated":true}]}}