{"id":49981,"date":"2026-02-14T10:32:05","date_gmt":"2026-02-14T07:32:05","guid":{"rendered":"https:\/\/atasporkulubu.org\/?page_id=49981"},"modified":"2026-02-26T22:44:11","modified_gmt":"2026-02-26T19:44:11","slug":"antrenorler-ve-yonetim","status":"publish","type":"page","link":"https:\/\/atasporkulubu.org\/en\/antrenorler-ve-yonetim\/","title":{"rendered":"Antren\u00f6rler ve Y\u00f6netim"},"content":{"rendered":"<div data-elementor-type=\"wp-page\" data-elementor-id=\"49981\" class=\"elementor elementor-49981\" data-elementor-post-type=\"page\">\n\t\t\t\t\t\t<section class=\"elementor-section elementor-top-section elementor-element elementor-element-4eaf1af elementor-section-boxed elementor-section-height-default elementor-section-height-default sc_fly_static\" data-id=\"4eaf1af\" data-element_type=\"section\" data-e-type=\"section\">\n\t\t\t\t\t\t<div class=\"elementor-container elementor-column-gap-extended\">\n\t\t\t\t\t<div class=\"elementor-column elementor-col-100 elementor-top-column elementor-element elementor-element-de96856 sc_content_align_inherit sc_layouts_column_icons_position_left sc_fly_static\" data-id=\"de96856\" data-element_type=\"column\" data-e-type=\"column\">\n\t\t\t<div class=\"elementor-widget-wrap elementor-element-populated\">\n\t\t\t\t\t\t<div class=\"elementor-element elementor-element-460c3d7 sc_fly_static elementor-widget elementor-widget-trx_sc_team\" data-id=\"460c3d7\" data-element_type=\"widget\" data-e-type=\"widget\" data-widget_type=\"trx_sc_team.default\">\n\t\t\t\t<div class=\"elementor-widget-container\">\n\t\t\t\t\t<div \t\tclass=\"sc_team sc_team_creative\"><div class=\"sc_team_columns_wrap sc_item_columns sc_item_posts_container trx_addons_columns_wrap columns_padding_bottom columns_in_single_row\"><div class=\"trx_addons_column-1_3\"><div data-post-id=\"49942\" class=\"sc_team_item sc_item_container post_container no_links post-49942 sp_staff type-sp_staff status-publish has-post-thumbnail hentry sp_role-kurucu sp_role-yonetim-kurulu-baskani\">\n\t<div class=\"post_featured sc_team_item_thumb trx_addons_hover trx_addons_hover_style_info_anim\"><img fetchpriority=\"high\" decoding=\"async\" width=\"570\" height=\"696\" src=\"https:\/\/atasporkulubu.org\/wp-content\/uploads\/2026\/02\/WhatsApp-Image-2026-02-11-at-17.27.14-570x696.jpeg\" class=\"attachment-spike-thumb-rectangle size-spike-thumb-rectangle wp-post-image\" alt=\"\" \/><a class=\"post_link sc_team_item_link\" href=\"https:\/\/atasporkulubu.org\/en\/blog\/staff\/yasin-ozkaya\/\"><\/a><div class=\"all-svg\"><span class=\"svg-1\"><svg viewbox=\"0 0 130 130\">   <g transform=\"translate(-1670 -542)\">     <circle  cx=\"5\" cy=\"5\" r=\"5\" transform=\"translate(1670 542)\"\/>     <circle  cx=\"5\" cy=\"5\" r=\"5\" transform=\"translate(1690 542)\"\/>     <circle  cx=\"5\" cy=\"5\" r=\"5\" transform=\"translate(1710 542)\"\/>     <circle  cx=\"5\" cy=\"5\" r=\"5\" transform=\"translate(1730 542)\"\/>     <circle  cx=\"5\" cy=\"5\" r=\"5\" transform=\"translate(1750 542)\"\/>     <circle  cx=\"5\" cy=\"5\" r=\"5\" transform=\"translate(1770 542)\"\/>     <circle  cx=\"5\" cy=\"5\" r=\"5\" transform=\"translate(1790 542)\"\/>     <circle  cx=\"5\" cy=\"5\" r=\"5\" transform=\"translate(1670 562)\"\/>     <circle  cx=\"5\" cy=\"5\" r=\"5\" transform=\"translate(1690 562)\"\/>     <circle  cx=\"5\" cy=\"5\" r=\"5\" transform=\"translate(1710 562)\"\/>     <circle  cx=\"5\" cy=\"5\" r=\"5\" transform=\"translate(1730 562)\"\/>     <circle  cx=\"5\" cy=\"5\" r=\"5\" transform=\"translate(1750 562)\"\/>     <circle  cx=\"5\" cy=\"5\" r=\"5\" transform=\"translate(1770 562)\"\/>     <circle  cx=\"5\" cy=\"5\" r=\"5\" transform=\"translate(1790 562)\"\/>     <circle  cx=\"5\" cy=\"5\" r=\"5\" transform=\"translate(1670 582)\"\/>     <circle  cx=\"5\" cy=\"5\" r=\"5\" transform=\"translate(1690 582)\"\/>     <circle  cx=\"5\" cy=\"5\" r=\"5\" transform=\"translate(1710 582)\"\/>     <circle  cx=\"5\" cy=\"5\" r=\"5\" transform=\"translate(1730 582)\"\/>     <circle  cx=\"5\" cy=\"5\" r=\"5\" transform=\"translate(1750 582)\"\/>     <circle  cx=\"5\" cy=\"5\" r=\"5\" transform=\"translate(1770 582)\"\/>     <circle  cx=\"5\" cy=\"5\" r=\"5\" transform=\"translate(1790 582)\"\/>     <circle  cx=\"5\" cy=\"5\" r=\"5\" transform=\"translate(1670 602)\"\/>     <circle  cx=\"5\" cy=\"5\" r=\"5\" transform=\"translate(1690 602)\"\/>     <circle  cx=\"5\" cy=\"5\" r=\"5\" transform=\"translate(1710 602)\"\/>     <circle  cx=\"5\" cy=\"5\" r=\"5\" transform=\"translate(1730 602)\"\/>     <circle  cx=\"5\" cy=\"5\" r=\"5\" transform=\"translate(1750 602)\"\/>     <circle  cx=\"5\" cy=\"5\" r=\"5\" transform=\"translate(1770 602)\"\/>     <circle  cx=\"5\" cy=\"5\" r=\"5\" transform=\"translate(1790 602)\"\/>     <circle  cx=\"5\" cy=\"5\" r=\"5\" transform=\"translate(1670 622)\"\/>     <circle  cx=\"5\" cy=\"5\" r=\"5\" transform=\"translate(1690 622)\"\/>     <circle  cx=\"5\" cy=\"5\" r=\"5\" transform=\"translate(1710 622)\"\/>     <circle  cx=\"5\" cy=\"5\" r=\"5\" transform=\"translate(1730 622)\"\/>     <circle  cx=\"5\" cy=\"5\" r=\"5\" transform=\"translate(1750 622)\"\/>     <circle  cx=\"5\" cy=\"5\" r=\"5\" transform=\"translate(1770 622)\"\/>     <circle  cx=\"5\" cy=\"5\" r=\"5\" transform=\"translate(1790 622)\"\/>     <circle  cx=\"5\" cy=\"5\" r=\"5\" transform=\"translate(1670 642)\"\/>     <circle  cx=\"5\" cy=\"5\" r=\"5\" transform=\"translate(1690 642)\"\/>     <circle  cx=\"5\" cy=\"5\" r=\"5\" transform=\"translate(1710 642)\"\/>     <circle  cx=\"5\" cy=\"5\" r=\"5\" transform=\"translate(1730 642)\"\/>     <circle  cx=\"5\" cy=\"5\" r=\"5\" transform=\"translate(1750 642)\"\/>     <circle  cx=\"5\" cy=\"5\" r=\"5\" transform=\"translate(1770 642)\"\/>     <circle  cx=\"5\" cy=\"5\" r=\"5\" transform=\"translate(1790 642)\"\/>     <circle  cx=\"5\" cy=\"5\" r=\"5\" transform=\"translate(1670 662)\"\/>     <circle  cx=\"5\" cy=\"5\" r=\"5\" transform=\"translate(1690 662)\"\/>     <circle  cx=\"5\" cy=\"5\" r=\"5\" transform=\"translate(1710 662)\"\/>     <circle  cx=\"5\" cy=\"5\" r=\"5\" transform=\"translate(1730 662)\"\/>     <circle  cx=\"5\" cy=\"5\" r=\"5\" transform=\"translate(1750 662)\"\/>     <circle  cx=\"5\" cy=\"5\" r=\"5\" transform=\"translate(1770 662)\"\/>     <circle  cx=\"5\" cy=\"5\" r=\"5\" transform=\"translate(1790 662)\"\/>   <\/g> <\/svg><\/span><span class=\"svg-2\"><svg viewbox=\"0 0 97 97\">   <g>     <circle cx=\"48.5\" cy=\"48.5\" r=\"48.5\" stroke=\"none\"\/>     <circle cx=\"48.5\" cy=\"48.5\" r=\"38\" fill=\"none\"\/>   <\/g> <\/svg><\/span><span class=\"svg-3\"><svg width=\"137\" height=\"137\" viewbox=\"0 0 137 137\">   <g>     <circle cx=\"68.5\" cy=\"68.5\" r=\"68.5\" stroke=\"none\"\/>     <circle cx=\"68.5\" cy=\"68.5\" r=\"58\" fill=\"none\"\/>   <\/g> <\/svg><\/span><\/div><div class=\"trx_addons_hover_mask\"><\/div><\/div>\t<div class=\"sc_team_item_info\">\n\t\t<div class=\"sc_team_item_header\">\n\t\t\t<h4 class=\"sc_team_item_title entry-title\"><a href=\"https:\/\/atasporkulubu.org\/en\/blog\/staff\/yasin-ozkaya\/\">Yasin \u00d6zkaya<\/a><\/h4>\n\t\t\t<div class=\"sc_team_item_subtitle\">Y\u00f6netim Kurulu Ba\u015fkan\u0131, Kurucu<\/div>\t\t<\/div>\n\t\t\t<\/div>\n\n<\/div>\n<\/div><div class=\"trx_addons_column-1_3\"><div data-post-id=\"49947\" class=\"sc_team_item sc_item_container post_container no_links post-49947 sp_staff type-sp_staff status-publish has-post-thumbnail hentry sp_role-denetim-kurulu-baskani sp_role-kurucu\">\n\t<div class=\"post_featured sc_team_item_thumb trx_addons_hover trx_addons_hover_style_info_anim\"><img decoding=\"async\" width=\"570\" height=\"696\" src=\"https:\/\/atasporkulubu.org\/wp-content\/uploads\/2026\/02\/WhatsApp-Image-2026-02-11-at-17.27.15-570x696.jpeg\" class=\"attachment-spike-thumb-rectangle size-spike-thumb-rectangle wp-post-image\" alt=\"\" \/><a class=\"post_link sc_team_item_link\" href=\"https:\/\/atasporkulubu.org\/en\/blog\/staff\/tamer-yavuz\/\"><\/a><div class=\"all-svg\"><span class=\"svg-1\"><svg viewbox=\"0 0 130 130\">   <g transform=\"translate(-1670 -542)\">     <circle  cx=\"5\" cy=\"5\" r=\"5\" transform=\"translate(1670 542)\"\/>     <circle  cx=\"5\" cy=\"5\" r=\"5\" transform=\"translate(1690 542)\"\/>     <circle  cx=\"5\" cy=\"5\" r=\"5\" transform=\"translate(1710 542)\"\/>     <circle  cx=\"5\" cy=\"5\" r=\"5\" transform=\"translate(1730 542)\"\/>     <circle  cx=\"5\" cy=\"5\" r=\"5\" transform=\"translate(1750 542)\"\/>     <circle  cx=\"5\" cy=\"5\" r=\"5\" transform=\"translate(1770 542)\"\/>     <circle  cx=\"5\" cy=\"5\" r=\"5\" transform=\"translate(1790 542)\"\/>     <circle  cx=\"5\" cy=\"5\" r=\"5\" transform=\"translate(1670 562)\"\/>     <circle  cx=\"5\" cy=\"5\" r=\"5\" transform=\"translate(1690 562)\"\/>     <circle  cx=\"5\" cy=\"5\" r=\"5\" transform=\"translate(1710 562)\"\/>     <circle  cx=\"5\" cy=\"5\" r=\"5\" transform=\"translate(1730 562)\"\/>     <circle  cx=\"5\" cy=\"5\" r=\"5\" transform=\"translate(1750 562)\"\/>     <circle  cx=\"5\" cy=\"5\" r=\"5\" transform=\"translate(1770 562)\"\/>     <circle  cx=\"5\" cy=\"5\" r=\"5\" transform=\"translate(1790 562)\"\/>     <circle  cx=\"5\" cy=\"5\" r=\"5\" transform=\"translate(1670 582)\"\/>     <circle  cx=\"5\" cy=\"5\" r=\"5\" transform=\"translate(1690 582)\"\/>     <circle  cx=\"5\" cy=\"5\" r=\"5\" transform=\"translate(1710 582)\"\/>     <circle  cx=\"5\" cy=\"5\" r=\"5\" transform=\"translate(1730 582)\"\/>     <circle  cx=\"5\" cy=\"5\" r=\"5\" transform=\"translate(1750 582)\"\/>     <circle  cx=\"5\" cy=\"5\" r=\"5\" transform=\"translate(1770 582)\"\/>     <circle  cx=\"5\" cy=\"5\" r=\"5\" transform=\"translate(1790 582)\"\/>     <circle  cx=\"5\" cy=\"5\" r=\"5\" transform=\"translate(1670 602)\"\/>     <circle  cx=\"5\" cy=\"5\" r=\"5\" transform=\"translate(1690 602)\"\/>     <circle  cx=\"5\" cy=\"5\" r=\"5\" transform=\"translate(1710 602)\"\/>     <circle  cx=\"5\" cy=\"5\" r=\"5\" transform=\"translate(1730 602)\"\/>     <circle  cx=\"5\" cy=\"5\" r=\"5\" transform=\"translate(1750 602)\"\/>     <circle  cx=\"5\" cy=\"5\" r=\"5\" transform=\"translate(1770 602)\"\/>     <circle  cx=\"5\" cy=\"5\" r=\"5\" transform=\"translate(1790 602)\"\/>     <circle  cx=\"5\" cy=\"5\" r=\"5\" transform=\"translate(1670 622)\"\/>     <circle  cx=\"5\" cy=\"5\" r=\"5\" transform=\"translate(1690 622)\"\/>     <circle  cx=\"5\" cy=\"5\" r=\"5\" transform=\"translate(1710 622)\"\/>     <circle  cx=\"5\" cy=\"5\" r=\"5\" transform=\"translate(1730 622)\"\/>     <circle  cx=\"5\" cy=\"5\" r=\"5\" transform=\"translate(1750 622)\"\/>     <circle  cx=\"5\" cy=\"5\" r=\"5\" transform=\"translate(1770 622)\"\/>     <circle  cx=\"5\" cy=\"5\" r=\"5\" transform=\"translate(1790 622)\"\/>     <circle  cx=\"5\" cy=\"5\" r=\"5\" transform=\"translate(1670 642)\"\/>     <circle  cx=\"5\" cy=\"5\" r=\"5\" transform=\"translate(1690 642)\"\/>     <circle  cx=\"5\" cy=\"5\" r=\"5\" transform=\"translate(1710 642)\"\/>     <circle  cx=\"5\" cy=\"5\" r=\"5\" transform=\"translate(1730 642)\"\/>     <circle  cx=\"5\" cy=\"5\" r=\"5\" transform=\"translate(1750 642)\"\/>     <circle  cx=\"5\" cy=\"5\" r=\"5\" transform=\"translate(1770 642)\"\/>     <circle  cx=\"5\" cy=\"5\" r=\"5\" transform=\"translate(1790 642)\"\/>     <circle  cx=\"5\" cy=\"5\" r=\"5\" transform=\"translate(1670 662)\"\/>     <circle  cx=\"5\" cy=\"5\" r=\"5\" transform=\"translate(1690 662)\"\/>     <circle  cx=\"5\" cy=\"5\" r=\"5\" transform=\"translate(1710 662)\"\/>     <circle  cx=\"5\" cy=\"5\" r=\"5\" transform=\"translate(1730 662)\"\/>     <circle  cx=\"5\" cy=\"5\" r=\"5\" transform=\"translate(1750 662)\"\/>     <circle  cx=\"5\" cy=\"5\" r=\"5\" transform=\"translate(1770 662)\"\/>     <circle  cx=\"5\" cy=\"5\" r=\"5\" transform=\"translate(1790 662)\"\/>   <\/g> <\/svg><\/span><span class=\"svg-2\"><svg viewbox=\"0 0 97 97\">   <g>     <circle cx=\"48.5\" cy=\"48.5\" r=\"48.5\" stroke=\"none\"\/>     <circle cx=\"48.5\" cy=\"48.5\" r=\"38\" fill=\"none\"\/>   <\/g> <\/svg><\/span><span class=\"svg-3\"><svg width=\"137\" height=\"137\" viewbox=\"0 0 137 137\">   <g>     <circle cx=\"68.5\" cy=\"68.5\" r=\"68.5\" stroke=\"none\"\/>     <circle cx=\"68.5\" cy=\"68.5\" r=\"58\" fill=\"none\"\/>   <\/g> <\/svg><\/span><\/div><div class=\"trx_addons_hover_mask\"><\/div><\/div>\t<div class=\"sc_team_item_info\">\n\t\t<div class=\"sc_team_item_header\">\n\t\t\t<h4 class=\"sc_team_item_title entry-title\"><a href=\"https:\/\/atasporkulubu.org\/en\/blog\/staff\/tamer-yavuz\/\">Tamer Yavuz<\/a><\/h4>\n\t\t\t<div class=\"sc_team_item_subtitle\">Denetim Kurulu Ba\u015fkan\u0131, Kurucu<\/div>\t\t<\/div>\n\t\t\t<\/div>\n\n<\/div>\n<\/div><div class=\"trx_addons_column-1_3\"><div data-post-id=\"49958\" class=\"sc_team_item sc_item_container post_container no_links post-49958 sp_staff type-sp_staff status-publish has-post-thumbnail hentry sp_role-3-kademe-kidemli-antrenor sp_role-bas-antrenor sp_role-voleybol-koordinatoru\">\n\t<div class=\"post_featured sc_team_item_thumb trx_addons_hover trx_addons_hover_style_info_anim\"><img decoding=\"async\" width=\"570\" height=\"696\" src=\"https:\/\/atasporkulubu.org\/wp-content\/uploads\/2026\/02\/WhatsApp-Image-2026-02-11-at-17.35.20-570x696.jpeg\" class=\"attachment-spike-thumb-rectangle size-spike-thumb-rectangle wp-post-image\" alt=\"\" \/><a class=\"post_link sc_team_item_link\" href=\"https:\/\/atasporkulubu.org\/en\/blog\/staff\/bilal-pakoglu\/\"><\/a><div class=\"all-svg\"><span class=\"svg-1\"><svg viewbox=\"0 0 130 130\">   <g transform=\"translate(-1670 -542)\">     <circle  cx=\"5\" cy=\"5\" r=\"5\" transform=\"translate(1670 542)\"\/>     <circle  cx=\"5\" cy=\"5\" r=\"5\" transform=\"translate(1690 542)\"\/>     <circle  cx=\"5\" cy=\"5\" r=\"5\" transform=\"translate(1710 542)\"\/>     <circle  cx=\"5\" cy=\"5\" r=\"5\" transform=\"translate(1730 542)\"\/>     <circle  cx=\"5\" cy=\"5\" r=\"5\" transform=\"translate(1750 542)\"\/>     <circle  cx=\"5\" cy=\"5\" r=\"5\" transform=\"translate(1770 542)\"\/>     <circle  cx=\"5\" cy=\"5\" r=\"5\" transform=\"translate(1790 542)\"\/>     <circle  cx=\"5\" cy=\"5\" r=\"5\" transform=\"translate(1670 562)\"\/>     <circle  cx=\"5\" cy=\"5\" r=\"5\" transform=\"translate(1690 562)\"\/>     <circle  cx=\"5\" cy=\"5\" r=\"5\" transform=\"translate(1710 562)\"\/>     <circle  cx=\"5\" cy=\"5\" r=\"5\" transform=\"translate(1730 562)\"\/>     <circle  cx=\"5\" cy=\"5\" r=\"5\" transform=\"translate(1750 562)\"\/>     <circle  cx=\"5\" cy=\"5\" r=\"5\" transform=\"translate(1770 562)\"\/>     <circle  cx=\"5\" cy=\"5\" r=\"5\" transform=\"translate(1790 562)\"\/>     <circle  cx=\"5\" cy=\"5\" r=\"5\" transform=\"translate(1670 582)\"\/>     <circle  cx=\"5\" cy=\"5\" r=\"5\" transform=\"translate(1690 582)\"\/>     <circle  cx=\"5\" cy=\"5\" r=\"5\" transform=\"translate(1710 582)\"\/>     <circle  cx=\"5\" cy=\"5\" r=\"5\" transform=\"translate(1730 582)\"\/>     <circle  cx=\"5\" cy=\"5\" r=\"5\" transform=\"translate(1750 582)\"\/>     <circle  cx=\"5\" cy=\"5\" r=\"5\" transform=\"translate(1770 582)\"\/>     <circle  cx=\"5\" cy=\"5\" r=\"5\" transform=\"translate(1790 582)\"\/>     <circle  cx=\"5\" cy=\"5\" r=\"5\" transform=\"translate(1670 602)\"\/>     <circle  cx=\"5\" cy=\"5\" r=\"5\" transform=\"translate(1690 602)\"\/>     <circle  cx=\"5\" cy=\"5\" r=\"5\" transform=\"translate(1710 602)\"\/>     <circle  cx=\"5\" cy=\"5\" r=\"5\" transform=\"translate(1730 602)\"\/>     <circle  cx=\"5\" cy=\"5\" r=\"5\" transform=\"translate(1750 602)\"\/>     <circle  cx=\"5\" cy=\"5\" r=\"5\" transform=\"translate(1770 602)\"\/>     <circle  cx=\"5\" cy=\"5\" r=\"5\" transform=\"translate(1790 602)\"\/>     <circle  cx=\"5\" cy=\"5\" r=\"5\" transform=\"translate(1670 622)\"\/>     <circle  cx=\"5\" cy=\"5\" r=\"5\" transform=\"translate(1690 622)\"\/>     <circle  cx=\"5\" cy=\"5\" r=\"5\" transform=\"translate(1710 622)\"\/>     <circle  cx=\"5\" cy=\"5\" r=\"5\" transform=\"translate(1730 622)\"\/>     <circle  cx=\"5\" cy=\"5\" r=\"5\" transform=\"translate(1750 622)\"\/>     <circle  cx=\"5\" cy=\"5\" r=\"5\" transform=\"translate(1770 622)\"\/>     <circle  cx=\"5\" cy=\"5\" r=\"5\" transform=\"translate(1790 622)\"\/>     <circle  cx=\"5\" cy=\"5\" r=\"5\" transform=\"translate(1670 642)\"\/>     <circle  cx=\"5\" cy=\"5\" r=\"5\" transform=\"translate(1690 642)\"\/>     <circle  cx=\"5\" cy=\"5\" r=\"5\" transform=\"translate(1710 642)\"\/>     <circle  cx=\"5\" cy=\"5\" r=\"5\" transform=\"translate(1730 642)\"\/>     <circle  cx=\"5\" cy=\"5\" r=\"5\" transform=\"translate(1750 642)\"\/>     <circle  cx=\"5\" cy=\"5\" r=\"5\" transform=\"translate(1770 642)\"\/>     <circle  cx=\"5\" cy=\"5\" r=\"5\" transform=\"translate(1790 642)\"\/>     <circle  cx=\"5\" cy=\"5\" r=\"5\" transform=\"translate(1670 662)\"\/>     <circle  cx=\"5\" cy=\"5\" r=\"5\" transform=\"translate(1690 662)\"\/>     <circle  cx=\"5\" cy=\"5\" r=\"5\" transform=\"translate(1710 662)\"\/>     <circle  cx=\"5\" cy=\"5\" r=\"5\" transform=\"translate(1730 662)\"\/>     <circle  cx=\"5\" cy=\"5\" r=\"5\" transform=\"translate(1750 662)\"\/>     <circle  cx=\"5\" cy=\"5\" r=\"5\" transform=\"translate(1770 662)\"\/>     <circle  cx=\"5\" cy=\"5\" r=\"5\" transform=\"translate(1790 662)\"\/>   <\/g> <\/svg><\/span><span class=\"svg-2\"><svg viewbox=\"0 0 97 97\">   <g>     <circle cx=\"48.5\" cy=\"48.5\" r=\"48.5\" stroke=\"none\"\/>     <circle cx=\"48.5\" cy=\"48.5\" r=\"38\" fill=\"none\"\/>   <\/g> <\/svg><\/span><span class=\"svg-3\"><svg width=\"137\" height=\"137\" viewbox=\"0 0 137 137\">   <g>     <circle cx=\"68.5\" cy=\"68.5\" r=\"68.5\" stroke=\"none\"\/>     <circle cx=\"68.5\" cy=\"68.5\" r=\"58\" fill=\"none\"\/>   <\/g> <\/svg><\/span><\/div><div class=\"trx_addons_hover_mask\"><\/div><\/div>\t<div class=\"sc_team_item_info\">\n\t\t<div class=\"sc_team_item_header\">\n\t\t\t<h4 class=\"sc_team_item_title entry-title\"><a href=\"https:\/\/atasporkulubu.org\/en\/blog\/staff\/bilal-pakoglu\/\">Bilal Pako\u011flu<\/a><\/h4>\n\t\t\t<div class=\"sc_team_item_subtitle\">3. Kademe K\u0131demli Antren\u00f6r, Ba\u015f Antren\u00f6r, Voleybol Koordinat\u00f6r\u00fc<\/div>\t\t<\/div>\n\t\t\t<\/div>\n\n<\/div>\n<\/div><\/div><nav class=\"sc_team_pagination sc_item_pagination sc_item_pagination_load_more nav-links-more  sc_align_none sc_item_pagination_infinite\" data-params=\"{&quot;cat&quot;:&quot;&quot;,&quot;columns&quot;:3,&quot;columns_widescreen&quot;:&quot;&quot;,&quot;columns_laptop&quot;:&quot;&quot;,&quot;columns_tablet_extra&quot;:{&quot;unit&quot;:&quot;px&quot;,&quot;size&quot;:&quot;&quot;,&quot;sizes&quot;:[]},&quot;columns_tablet&quot;:&quot;&quot;,&quot;columns_mobile_extra&quot;:{&quot;unit&quot;:&quot;px&quot;,&quot;size&quot;:&quot;&quot;,&quot;sizes&quot;:[]},&quot;columns_mobile&quot;:&quot;&quot;,&quot;count&quot;:3,&quot;offset&quot;:0,&quot;orderby&quot;:&quot;none&quot;,&quot;order&quot;:&quot;asc&quot;,&quot;ids&quot;:&quot;&quot;,&quot;slider&quot;:false,&quot;slider_effect&quot;:&quot;slide&quot;,&quot;slider_pagination&quot;:&quot;none&quot;,&quot;slider_pagination_type&quot;:&quot;bullets&quot;,&quot;slider_pagination_thumbs&quot;:0,&quot;slider_controls&quot;:&quot;none&quot;,&quot;slides_space&quot;:0,&quot;slides_centered&quot;:&quot;&quot;,&quot;slides_overflow&quot;:&quot;&quot;,&quot;slider_mouse_wheel&quot;:&quot;&quot;,&quot;slider_autoplay&quot;:&quot;1&quot;,&quot;slider_loop&quot;:&quot;1&quot;,&quot;slider_free_mode&quot;:&quot;&quot;,&quot;title&quot;:&quot;&quot;,&quot;title_align&quot;:&quot;none&quot;,&quot;title_style&quot;:&quot;default&quot;,&quot;title_tag&quot;:&quot;none&quot;,&quot;title_color&quot;:&quot;&quot;,&quot;title_color2&quot;:&quot;&quot;,&quot;gradient_fill&quot;:&quot;block&quot;,&quot;gradient_direction&quot;:&quot;0&quot;,&quot;title_border_color&quot;:&quot;&quot;,&quot;title_border_width&quot;:{&quot;unit&quot;:&quot;px&quot;,&quot;size&quot;:0,&quot;sizes&quot;:[]},&quot;title_bg_image&quot;:{&quot;url&quot;:&quot;&quot;,&quot;id&quot;:&quot;&quot;,&quot;size&quot;:&quot;&quot;},&quot;title2&quot;:&quot;&quot;,&quot;title2_color&quot;:&quot;&quot;,&quot;title2_color2&quot;:&quot;&quot;,&quot;gradient_fill2&quot;:&quot;block&quot;,&quot;gradient_direction2&quot;:&quot;0&quot;,&quot;title2_border_color&quot;:&quot;&quot;,&quot;title2_border_width&quot;:{&quot;unit&quot;:&quot;px&quot;,&quot;size&quot;:0,&quot;sizes&quot;:[]},&quot;title2_bg_image&quot;:{&quot;url&quot;:&quot;&quot;,&quot;id&quot;:&quot;&quot;,&quot;size&quot;:&quot;&quot;},&quot;subtitle&quot;:&quot;&quot;,&quot;subtitle_align&quot;:&quot;none&quot;,&quot;subtitle_position&quot;:&quot;above&quot;,&quot;subtitle_color&quot;:&quot;&quot;,&quot;description&quot;:&quot;&quot;,&quot;description_color&quot;:&quot;&quot;,&quot;link&quot;:&quot;&quot;,&quot;link_style&quot;:&quot;default&quot;,&quot;link_size&quot;:&quot;normal&quot;,&quot;link_image&quot;:&quot;&quot;,&quot;link_text&quot;:&quot;&quot;,&quot;new_window&quot;:0,&quot;typed&quot;:&quot;&quot;,&quot;typed_strings&quot;:&quot;&quot;,&quot;typed_loop&quot;:&quot;1&quot;,&quot;typed_cursor&quot;:&quot;1&quot;,&quot;typed_cursor_char&quot;:&quot;_&quot;,&quot;typed_color&quot;:&quot;&quot;,&quot;typed_speed&quot;:&quot;6&quot;,&quot;typed_delay&quot;:&quot;1&quot;,&quot;id&quot;:&quot;&quot;,&quot;class&quot;:&quot;&quot;,&quot;className&quot;:&quot;&quot;,&quot;css&quot;:&quot;&quot;,&quot;type&quot;:&quot;creative&quot;,&quot;no_margin&quot;:&quot;&quot;,&quot;no_links&quot;:&quot;&quot;,&quot;more_text&quot;:&quot;Okumaya Devan Et&quot;,&quot;pagination&quot;:&quot;infinite&quot;,&quot;page&quot;:1,&quot;post_type&quot;:&quot;sp_staff&quot;,&quot;taxonomy&quot;:&quot;sp_league&quot;,&quot;parent_post&quot;:&quot;none&quot;,&quot;posts_exclude&quot;:&quot;&quot;,&quot;columns_extra&quot;:{&quot;unit&quot;:&quot;px&quot;,&quot;size&quot;:&quot;&quot;,&quot;sizes&quot;:[]},&quot;count_extra&quot;:{&quot;unit&quot;:&quot;px&quot;,&quot;size&quot;:3,&quot;sizes&quot;:[]},&quot;offset_extra&quot;:{&quot;unit&quot;:&quot;px&quot;,&quot;size&quot;:0,&quot;sizes&quot;:[]},&quot;slides_space_extra&quot;:{&quot;unit&quot;:&quot;px&quot;,&quot;size&quot;:0,&quot;sizes&quot;:[]},&quot;gradient_direction_extra&quot;:{&quot;unit&quot;:&quot;px&quot;,&quot;size&quot;:0,&quot;sizes&quot;:[]},&quot;typed_speed_extra&quot;:{&quot;unit&quot;:&quot;px&quot;,&quot;size&quot;:6,&quot;sizes&quot;:[]},&quot;typed_delay_extra&quot;:{&quot;unit&quot;:&quot;px&quot;,&quot;size&quot;:1,&quot;sizes&quot;:[]},&quot;gradient_direction2_extra&quot;:{&quot;unit&quot;:&quot;px&quot;,&quot;size&quot;:0,&quot;sizes&quot;:[]},&quot;link_extra&quot;:{&quot;url&quot;:&quot;&quot;,&quot;is_external&quot;:&quot;&quot;,&quot;nofollow&quot;:&quot;&quot;,&quot;custom_attributes&quot;:&quot;&quot;},&quot;link_image_extra&quot;:{&quot;url&quot;:&quot;&quot;,&quot;id&quot;:&quot;&quot;,&quot;size&quot;:&quot;&quot;},&quot;scheme&quot;:&quot;&quot;,&quot;color_style&quot;:&quot;default&quot;,&quot;mouse_helper_highlight&quot;:&quot;&quot;,&quot;slides_min_width&quot;:220,&quot;sc&quot;:&quot;sc_team&quot;}\">\n\t\t\t\t<a class=\"nav-links\" data-page=\"2\" data-max-page=\"3\"><span>Load more<\/span><\/a>\n\t\t\t<\/nav><\/div>\t\t\t\t<\/div>\n\t\t\t\t<\/div>\n\t\t\t\t\t<\/div>\n\t\t<\/div>\n\t\t\t\t\t<\/div>\n\t\t<\/section>\n\t\t\t\t<\/div>","protected":false},"excerpt":{"rendered":"<p>Tamer Yavuz Denetim Kurulu Ba\u015fkan\u0131, Kurucu Yasin \u00d6zkaya Y\u00f6netim Kurulu Ba\u015fkan\u0131, Kurucu Bilal Pako\u011flu 3.&hellip;<\/p>","protected":false},"author":1,"featured_media":0,"parent":0,"menu_order":0,"comment_status":"closed","ping_status":"closed","template":"","meta":{"footnotes":""},"class_list":["post-49981","page","type-page","status-publish","hentry"],"_links":{"self":[{"href":"https:\/\/atasporkulubu.org\/en\/wp-json\/wp\/v2\/pages\/49981","targetHints":{"allow":["GET"]}}],"collection":[{"href":"https:\/\/atasporkulubu.org\/en\/wp-json\/wp\/v2\/pages"}],"about":[{"href":"https:\/\/atasporkulubu.org\/en\/wp-json\/wp\/v2\/types\/page"}],"author":[{"embeddable":true,"href":"https:\/\/atasporkulubu.org\/en\/wp-json\/wp\/v2\/users\/1"}],"replies":[{"embeddable":true,"href":"https:\/\/atasporkulubu.org\/en\/wp-json\/wp\/v2\/comments?post=49981"}],"version-history":[{"count":31,"href":"https:\/\/atasporkulubu.org\/en\/wp-json\/wp\/v2\/pages\/49981\/revisions"}],"predecessor-version":[{"id":50344,"href":"https:\/\/atasporkulubu.org\/en\/wp-json\/wp\/v2\/pages\/49981\/revisions\/50344"}],"wp:attachment":[{"href":"https:\/\/atasporkulubu.org\/en\/wp-json\/wp\/v2\/media?parent=49981"}],"curies":[{"name":"wp","href":"https:\/\/api.w.org\/{rel}","templated":true}]}}